{"id":2,"date":"2022-07-08T22:08:06","date_gmt":"2022-07-08T22:08:06","guid":{"rendered":"https:\/\/caxstudio.com\/blog\/?page_id=2"},"modified":"2022-07-22T22:45:22","modified_gmt":"2022-07-22T22:45:22","slug":"acerca-de-nosotros","status":"publish","type":"page","link":"https:\/\/caxstudio.com\/blog\/acerca-de-nosotros\/","title":{"rendered":"Acerca de nosotros"},"content":{"rendered":"\n<h2>Qu\u00e9 hacemos?<\/h2>\n\n\n\n<p><\/p>\n\n\n\n<p>Nos dedicamos a crear soluciones digitales y potenciar proyectos, dise\u00f1ando y desarrollando para nuestra marca como tambi\u00e9n para terceros.<\/p>\n\n\n\n<ul><li>Impulsamos ideas.<\/li><li>Creamos juegos, apps educativas y mucho m\u00e1s.<\/li><li>Potenciamos tu tienda o empresa.<\/li><li>Posicionamos tu marca.<\/li><\/ul>\n\n\n\n<p><\/p>\n\n\n\n<p><\/p>\n\n\n\n<p><\/p>\n\n\n\n<p><\/p>\n","protected":false},"excerpt":{"rendered":"<p>Qu\u00e9 hacemos? Nos dedicamos a crear soluciones digitales y potenciar proyectos, dise\u00f1ando y desarrollando para nuestra marca como tambi\u00e9n para terceros. Impulsamos ideas. Creamos juegos, apps educativas y mucho m\u00e1s. Potenciamos tu tienda o empresa. Posicionamos tu marca.<\/p>\n","protected":false},"author":1,"featured_media":0,"parent":0,"menu_order":0,"comment_status":"closed","ping_status":"open","template":"","meta":{"om_disable_all_campaigns":false,"ub_ctt_via":"","_monsterinsights_skip_tracking":false,"_monsterinsights_sitenote_active":false,"_monsterinsights_sitenote_note":"","_monsterinsights_sitenote_category":0,"site-sidebar-layout":"default","site-content-layout":"default","ast-global-header-display":"","ast-main-header-display":"","ast-hfb-above-header-display":"","ast-hfb-below-header-display":"","ast-hfb-mobile-header-display":"","site-post-title":"","ast-breadcrumbs-content":"","ast-featured-img":"","footer-sml-layout":"","theme-transparent-header-meta":"","adv-header-id-meta":"","stick-header-meta":"","header-above-stick-meta":"","header-main-stick-meta":"","header-below-stick-meta":""},"featured_image_src":null,"_links":{"self":[{"href":"https:\/\/caxstudio.com\/blog\/wp-json\/wp\/v2\/pages\/2"}],"collection":[{"href":"https:\/\/caxstudio.com\/blog\/wp-json\/wp\/v2\/pages"}],"about":[{"href":"https:\/\/caxstudio.com\/blog\/wp-json\/wp\/v2\/types\/page"}],"author":[{"embeddable":true,"href":"https:\/\/caxstudio.com\/blog\/wp-json\/wp\/v2\/users\/1"}],"replies":[{"embeddable":true,"href":"https:\/\/caxstudio.com\/blog\/wp-json\/wp\/v2\/comments?post=2"}],"version-history":[{"count":2,"href":"https:\/\/caxstudio.com\/blog\/wp-json\/wp\/v2\/pages\/2\/revisions"}],"predecessor-version":[{"id":52,"href":"https:\/\/caxstudio.com\/blog\/wp-json\/wp\/v2\/pages\/2\/revisions\/52"}],"wp:attachment":[{"href":"https:\/\/caxstudio.com\/blog\/wp-json\/wp\/v2\/media?parent=2"}],"curies":[{"name":"wp","href":"https:\/\/api.w.org\/{rel}","templated":true}]}}